{"id":3834,"date":"2025-07-04T12:47:29","date_gmt":"2025-07-04T12:47:29","guid":{"rendered":"https:\/\/degrassi.hr\/product\/terre-bianche-cuvee-blanche\/"},"modified":"2025-07-04T13:06:07","modified_gmt":"2025-07-04T13:06:07","slug":"terre-bianche-cuvee-blanche","status":"publish","type":"product","link":"https:\/\/degrassi.hr\/it\/prodotto\/terre-bianche-cuvee-blanche\/","title":{"rendered":"Terre Bianche Cuv\u00e9e Blanche"},"content":{"rendered":"<h5>Posizione e caratteristiche del vigneto<\/h5>\n<p>Grazie alle loro condizioni microclimatiche ideali, in posizione Contarini, Bomarchese e Fern\u00e9 vengono coltivate le uve migliori utilizzate per la creazione di questo vino eccezionale.<\/p>\n<h5>Vinificazione e maturazione<\/h5>\n<p>Dopo una breve macerazione il mosto fermenta a una temperatura controllata, ogni variet\u00e0 separatamente. I vini vengono curati separatamente per variet\u00e0 in botti di acciaio inox fino a primavera quando seguir\u00e0 il vinaggio in un contenitore in acciaio inox comune dove verr\u00e0 lasciato a riposare per due mesi prima dell&#8217;imbottigliamento, affinch\u00e9 le diverse variet\u00e0 si fondano creando l&#8217;armonia caratteristica di questo vino.<\/p>\n<h5>Colore<\/h5>\n<p>Giallo paglierino con riflessi dorati<\/p>\n<h5>Profumo<\/h5>\n<p>Seducente, intriso di frutti tropicali e pesca del vigneto, gi\u00e0 al primo momento s&#8217;intreccia con note minerali ed erbacee, per poi lasciare spazio ad aromi fruttati e speziati<\/p>\n<h5>Gusto<\/h5>\n<p>Minerale, fresco e al contempo caldo, rotondo e pieno, salato, al palato si diffonde la frutta matura, finale lungo caratterizzato dalla tipica amarezza delicata ed elegante<\/p>\n<h5>Abbinamenti gastronomici<\/h5>\n<p>Tipico vino gastronomico che si abbina in maniera eccellente agli alimenti pi\u00f9 svariati, dai frutti di mare crudi, risotti e paste ai frutti di mare, pesce di diverse intensit\u00e0 gustative, alle carni bianche alle erbe aromatiche, soprattutto ai piatti asiatici con spezie piccanti ed esotiche.<\/p>\n","protected":false},"excerpt":{"rendered":"<p>Vino bianco secco di qualit\u00e0<\/p>\n","protected":false},"featured_media":3545,"template":"","meta":{"_acf_changed":false,"inline_featured_image":false},"product_brand":[],"product_cat":[562,92],"product_tag":[125,126,132,135],"class_list":{"0":"post-3834","1":"product","2":"type-product","3":"status-publish","4":"has-post-thumbnail","6":"product_cat-vino-assemblato-2","7":"product_cat-vino-assemblato","8":"product_tag-chardonnay","9":"product_tag-malvasia-istriana","10":"product_tag-sauvignon-blanc","11":"product_tag-viognier","12":"product_shipping_class-paket-po-6","13":"pa_berba-2023-it-2","14":"pa_oznaka-vino-biologico","15":"pa_slador-secco","16":"pa_vinogorje-istria-occidentale","17":"pa_zapremnina-0-75-l-it","19":"first","20":"instock","21":"featured","22":"shipping-taxable","23":"purchasable","24":"product-type-simple"},"acf":[],"_links":{"self":[{"href":"https:\/\/degrassi.hr\/it\/wp-json\/wp\/v2\/product\/3834","targetHints":{"allow":["GET"]}}],"collection":[{"href":"https:\/\/degrassi.hr\/it\/wp-json\/wp\/v2\/product"}],"about":[{"href":"https:\/\/degrassi.hr\/it\/wp-json\/wp\/v2\/types\/product"}],"wp:featuredmedia":[{"embeddable":true,"href":"https:\/\/degrassi.hr\/it\/wp-json\/wp\/v2\/media\/3545"}],"wp:attachment":[{"href":"https:\/\/degrassi.hr\/it\/wp-json\/wp\/v2\/media?parent=3834"}],"wp:term":[{"taxonomy":"product_brand","embeddable":true,"href":"https:\/\/degrassi.hr\/it\/wp-json\/wp\/v2\/product_brand?post=3834"},{"taxonomy":"product_cat","embeddable":true,"href":"https:\/\/degrassi.hr\/it\/wp-json\/wp\/v2\/product_cat?post=3834"},{"taxonomy":"product_tag","embeddable":true,"href":"https:\/\/degrassi.hr\/it\/wp-json\/wp\/v2\/product_tag?post=3834"}],"curies":[{"name":"wp","href":"https:\/\/api.w.org\/{rel}","templated":true}]}}